{"id":1085,"date":"2020-10-23T10:44:58","date_gmt":"2020-10-23T08:44:58","guid":{"rendered":"http:\/\/majinihrustljavcki.si\/?page_id=1085"},"modified":"2021-03-24T09:56:18","modified_gmt":"2021-03-24T08:56:18","slug":"o-nas","status":"publish","type":"page","link":"https:\/\/majinihrustljavcki.si\/en\/o-nas\/","title":{"rendered":"About us"},"content":{"rendered":"<div id=\"pl-1085\"  class=\"panel-layout\" ><div id=\"pg-1085-0\"  class=\"panel-grid panel-no-style\" ><div id=\"pgc-1085-0-0\"  class=\"panel-grid-cell\" ><div id=\"panel-1085-0-0-0\" class=\"so-panel widget widget_sow-editor panel-first-child panel-last-child\" data-index=\"0\" ><div\n\t\t\t\n\t\t\tclass=\"so-widget-sow-editor so-widget-sow-editor-base\"\n\t\t\t\n\t\t>\n<div class=\"siteorigin-widget-tinymce textwidget\">\n\t<p>We are a Slovenian Company TRI REMI d.o.o., with a brand named Majini hrustljav\u010dki. The\ncompany is represented by husband Marjan and wife Renata. Maja is one of the most\ncommon names in Slovenia and at the same time the name of our youngest daughter, where\nthe idea for our logo comes from.<\/p>\n<p style=\"text-align: left;\">We have focused on food preservation processing with a specific freezing method\n(lyophilisation or cryodesiccation) how to dry fruits and vegetables in order to keep their\nshape, nutrition value, sweetness and structure. Wtih four years of experience in lyophilisation we are using this procedure for different types of fruits and vegetables from the local environment\nand final products are sold in convenient packages. Dried fruits and vegetables are suitable for all age groups and diabetics.<\/p>\n<\/div>\n<\/div><\/div><\/div><div id=\"pgc-1085-0-1\"  class=\"panel-grid-cell\" ><div id=\"panel-1085-0-1-0\" class=\"so-panel widget widget_sow-image panel-first-child panel-last-child\" data-index=\"1\" ><div\n\t\t\t\n\t\t\tclass=\"so-widget-sow-image so-widget-sow-image-default-c67d20f9f743-1085\"\n\t\t\t\n\t\t>\n<div class=\"sow-image-container\">\n\t\t<img \n\tsrc=\"https:\/\/majinihrustljavcki.si\/wp-content\/uploads\/2020\/10\/logotip-300x300.png\" width=\"300\" height=\"300\" srcset=\"https:\/\/majinihrustljavcki.si\/wp-content\/uploads\/2020\/10\/logotip-300x300.png 300w, https:\/\/majinihrustljavcki.si\/wp-content\/uploads\/2020\/10\/logotip-100x100.png 100w, https:\/\/majinihrustljavcki.si\/wp-content\/uploads\/2020\/10\/logotip-150x150.png 150w, https:\/\/majinihrustljavcki.si\/wp-content\/uploads\/2020\/10\/logotip.png 500w\" sizes=\"(max-width: 300px) 100vw, 300px\" alt=\"\" \t\tclass=\"so-widget-image\"\/>\n\t<\/div>\n\n<\/div><\/div><\/div><\/div><div id=\"pg-1085-1\"  class=\"panel-grid panel-no-style\" ><div id=\"pgc-1085-1-0\"  class=\"panel-grid-cell\" ><div id=\"panel-1085-1-0-0\" class=\"so-panel widget widget_sow-editor panel-first-child panel-last-child\" data-index=\"2\" ><div\n\t\t\t\n\t\t\tclass=\"so-widget-sow-editor so-widget-sow-editor-base\"\n\t\t\t\n\t\t>\n<div class=\"siteorigin-widget-tinymce textwidget\">\n\t<p><img loading=\"lazy\" decoding=\"async\" class=\"alignnone  wp-image-1483\" src=\"https:\/\/majinihrustljavcki.si\/wp-content\/uploads\/2021\/03\/IMG_20200806_090158_034-300x300.jpg\" alt=\"\" width=\"242\" height=\"242\" srcset=\"https:\/\/majinihrustljavcki.si\/wp-content\/uploads\/2021\/03\/IMG_20200806_090158_034-300x300.jpg 300w, https:\/\/majinihrustljavcki.si\/wp-content\/uploads\/2021\/03\/IMG_20200806_090158_034-1024x1024.jpg 1024w, https:\/\/majinihrustljavcki.si\/wp-content\/uploads\/2021\/03\/IMG_20200806_090158_034-150x150.jpg 150w, https:\/\/majinihrustljavcki.si\/wp-content\/uploads\/2021\/03\/IMG_20200806_090158_034-768x768.jpg 768w, https:\/\/majinihrustljavcki.si\/wp-content\/uploads\/2021\/03\/IMG_20200806_090158_034-1536x1536.jpg 1536w, https:\/\/majinihrustljavcki.si\/wp-content\/uploads\/2021\/03\/IMG_20200806_090158_034-2048x2048.jpg 2048w, https:\/\/majinihrustljavcki.si\/wp-content\/uploads\/2021\/03\/IMG_20200806_090158_034-600x600.jpg 600w, https:\/\/majinihrustljavcki.si\/wp-content\/uploads\/2021\/03\/IMG_20200806_090158_034-100x100.jpg 100w\" sizes=\"auto, (max-width: 242px) 100vw, 242px\" \/> <img loading=\"lazy\" decoding=\"async\" class=\"alignnone  wp-image-1484\" src=\"https:\/\/majinihrustljavcki.si\/wp-content\/uploads\/2021\/03\/IMG_20200804_162655_479-300x300.jpg\" alt=\"\" width=\"249\" height=\"249\" srcset=\"https:\/\/majinihrustljavcki.si\/wp-content\/uploads\/2021\/03\/IMG_20200804_162655_479-300x300.jpg 300w, https:\/\/majinihrustljavcki.si\/wp-content\/uploads\/2021\/03\/IMG_20200804_162655_479-1024x1024.jpg 1024w, https:\/\/majinihrustljavcki.si\/wp-content\/uploads\/2021\/03\/IMG_20200804_162655_479-150x150.jpg 150w, https:\/\/majinihrustljavcki.si\/wp-content\/uploads\/2021\/03\/IMG_20200804_162655_479-768x768.jpg 768w, https:\/\/majinihrustljavcki.si\/wp-content\/uploads\/2021\/03\/IMG_20200804_162655_479-600x600.jpg 600w, https:\/\/majinihrustljavcki.si\/wp-content\/uploads\/2021\/03\/IMG_20200804_162655_479-100x100.jpg 100w, https:\/\/majinihrustljavcki.si\/wp-content\/uploads\/2021\/03\/IMG_20200804_162655_479.jpg 1080w\" sizes=\"auto, (max-width: 249px) 100vw, 249px\" \/><img loading=\"lazy\" decoding=\"async\" class=\"wp-image-1485 alignleft\" src=\"https:\/\/majinihrustljavcki.si\/wp-content\/uploads\/2021\/03\/IMG-02a304b90b5acd5a37283e3cfeefa95c-V-300x225.jpg\" alt=\"\" width=\"307\" height=\"231\" srcset=\"https:\/\/majinihrustljavcki.si\/wp-content\/uploads\/2021\/03\/IMG-02a304b90b5acd5a37283e3cfeefa95c-V-300x225.jpg 300w, https:\/\/majinihrustljavcki.si\/wp-content\/uploads\/2021\/03\/IMG-02a304b90b5acd5a37283e3cfeefa95c-V-1024x768.jpg 1024w, https:\/\/majinihrustljavcki.si\/wp-content\/uploads\/2021\/03\/IMG-02a304b90b5acd5a37283e3cfeefa95c-V-768x576.jpg 768w, https:\/\/majinihrustljavcki.si\/wp-content\/uploads\/2021\/03\/IMG-02a304b90b5acd5a37283e3cfeefa95c-V-1536x1152.jpg 1536w, https:\/\/majinihrustljavcki.si\/wp-content\/uploads\/2021\/03\/IMG-02a304b90b5acd5a37283e3cfeefa95c-V-600x450.jpg 600w, https:\/\/majinihrustljavcki.si\/wp-content\/uploads\/2021\/03\/IMG-02a304b90b5acd5a37283e3cfeefa95c-V.jpg 1600w\" sizes=\"auto, (max-width: 307px) 100vw, 307px\" \/><\/p>\n<\/div>\n<\/div><\/div><\/div><\/div><div id=\"pg-1085-2\"  class=\"panel-grid panel-has-style\" ><div class=\"panel-row-style panel-row-style-for-1085-2\" ><div id=\"pgc-1085-2-0\"  class=\"panel-grid-cell\" ><div id=\"panel-1085-2-0-0\" class=\"so-panel widget widget_sow-editor panel-first-child panel-last-child\" data-index=\"3\" ><div\n\t\t\t\n\t\t\tclass=\"so-widget-sow-editor so-widget-sow-editor-base\"\n\t\t\t\n\t\t><h3 class=\"widget-title\">Our work<\/h3>\n<div class=\"siteorigin-widget-tinymce textwidget\">\n\t<p>So far, we have experience and knowledge with the following products in the lyophilization\nprocess:<\/p>\n<p class=\"translation-block\">\u2022 FRUIT - strawberries, cherries, cherries, khaki, kiwi, Bavarian kiwi, plums, apricots,\nSiberian blueberries, cranberries, American blueberries, forest blueberries, chokeberry,\nraspberries, pears, figs, lemons, limes, oranges, orange juice, mandarin juice.<br>\n\u2022 VEGETABLES - beets, carrots, kale, garlic, tomatoes, spinach, nutmeg, hokkaido pumpkin, olives.<br>\n\u2022 SPICES - sage, spotted thistle, black walnut, thyme, edible flowers (dandelion, roses, red\nand purple radish, shisha, Brazilian cress, red mustard, violet flower, sorrel, butterbur, oyster).<br>\n\u2022 OTHER - American straw, industrial hemp, mushrooms, shiitake mushrooms, hake milk,\nkefir grains, pollen, royal jelly, bee larvae, snails, truffles, spruce tops, pine tops, hops.<br>\n\u2022 Cold BREW UPGRAD was lyophilized to a powder.<\/p>\n<p>Of course we welcome everyone with new ideas and products that you would be willing to\nlyophilize. Namely, we also provide a lyophilization service of your choice, which means that you can choose the final form of the product yourself - whole fruit, pieces or powder suitable for smoothies.<\/p>\n<\/div>\n<\/div><\/div><\/div><\/div><\/div><\/div>","protected":false},"excerpt":{"rendered":"<p>Smo majhno dru\u017einsko podjetje iz Zgornje Polskave, z blagovno znamko imenovano Majini hrustljav\u010dki. V projekt smo vklju\u010deni mo\u017e Marjan, \u017eena [&hellip;]<\/p>","protected":false},"author":1,"featured_media":0,"parent":0,"menu_order":0,"comment_status":"closed","ping_status":"closed","template":"","meta":{"footnotes":""},"class_list":["post-1085","page","type-page","status-publish","hentry"],"_links":{"self":[{"href":"https:\/\/majinihrustljavcki.si\/en\/wp-json\/wp\/v2\/pages\/1085","targetHints":{"allow":["GET"]}}],"collection":[{"href":"https:\/\/majinihrustljavcki.si\/en\/wp-json\/wp\/v2\/pages"}],"about":[{"href":"https:\/\/majinihrustljavcki.si\/en\/wp-json\/wp\/v2\/types\/page"}],"author":[{"embeddable":true,"href":"https:\/\/majinihrustljavcki.si\/en\/wp-json\/wp\/v2\/users\/1"}],"replies":[{"embeddable":true,"href":"https:\/\/majinihrustljavcki.si\/en\/wp-json\/wp\/v2\/comments?post=1085"}],"version-history":[{"count":12,"href":"https:\/\/majinihrustljavcki.si\/en\/wp-json\/wp\/v2\/pages\/1085\/revisions"}],"predecessor-version":[{"id":1487,"href":"https:\/\/majinihrustljavcki.si\/en\/wp-json\/wp\/v2\/pages\/1085\/revisions\/1487"}],"wp:attachment":[{"href":"https:\/\/majinihrustljavcki.si\/en\/wp-json\/wp\/v2\/media?parent=1085"}],"curies":[{"name":"wp","href":"https:\/\/api.w.org\/{rel}","templated":true}]}}